{"id":57,"date":"2016-05-27T12:54:43","date_gmt":"2016-05-27T12:54:43","guid":{"rendered":"http:\/\/templattio.com\/electriwp\/?page_id=57"},"modified":"2021-06-22T12:40:01","modified_gmt":"2021-06-22T12:40:01","slug":"uber-uns","status":"publish","type":"page","link":"https:\/\/dntl.eu\/de\/uber-uns\/","title":{"rendered":"\u00dcBER UNS"},"content":{"rendered":"<p>[vc_row full_width=&#8221;stretch_row&#8221; css=&#8221;.vc_custom_1465481961096{padding-top: 40px !important;background-color: #f5f4f4 !important;}&#8221;][vc_column width=&#8221;1\/3&#8243;][vc_single_image image=&#8221;463&#8243; img_size=&#8221;360 x 360&#8243;][\/vc_column][vc_column width=&#8221;2\/3&#8243;][tt_rp_title_shortcode title=&#8221;UNSERE MISSION UND VISION&#8221; show_sp=&#8221;yes&#8221;][vc_empty_space height=&#8221;26px&#8221;][tt_rp_service_shortcode service_type=&#8221;type_3&#8243; image=&#8221;778&#8243; text=&#8221;Unser Ziel ist es, Reparaturen an Hand- und Winkelst\u00fccken, Mikromotoren und Luftrotoren zu tats\u00e4chlichen Reparaturkosten durchzuf\u00fchren, was Kostenersparnisse f\u00fcr deutsche Zahn\u00e4rzte, Kieferorthop\u00e4den und Dentalhygieniker\/innen bedeutet.&#8221;][vc_empty_space height=&#8221;15px&#8221;][tt_rp_service_shortcode service_type=&#8221;type_3&#8243; image=&#8221;778&#8243; text=&#8221;Durch langj\u00e4hrige Erfahrung konnten wir bereits beweisen, dass unsere Reparaturqualit\u00e4t der deutschen Reparaturqualit\u00e4t in Nichts nachsteht &#8211; und das zum halben Preis! Das ist ein Durchbruch in Deutschland.&#8221;][vc_empty_space height=&#8221;50px&#8221;][\/vc_column][\/vc_row][vc_row full_width=&#8221;stretch_row&#8221; el_class=&#8221;schedule-row&#8221; css=&#8221;.vc_custom_1470754619261{background-color: #0a495c !important;}&#8221;][vc_column width=&#8221;1\/2&#8243;][vc_empty_space height=&#8221;50px&#8221;][vc_row_inner][vc_column_inner][tt_rp_icon_box_shortcode box_type=&#8221;type_3&#8243; titlecolor=&#8221;#ffffff&#8221; type_icon=&#8221;fa fa-life-ring&#8221; title=&#8221;24\/7 VERF\u00dcGBAR&#8221;]Sie k\u00f6nnen uns jederzeit kontaktieren, indem Sie eine E-Mail an info@dntl.eu senden oder uns unter +31612496307 anrufen[\/tt_rp_icon_box_shortcode][vc_empty_space height=&#8221;20px&#8221;][tt_rp_icon_box_shortcode box_type=&#8221;type_3&#8243; titlecolor=&#8221;#ffffff&#8221; type_icon=&#8221;fa fa-calendar&#8221; title=&#8221;ZERTIFIZIERTE MECHANIKEN&#8221;]<span style=\"color: #898989;\"> Die Reparaturteams bestehen aus technischen Spezialisten, die nach ihrer Ausbildung langj\u00e4hrige Erfahrung gesammelt haben.<\/span>[\/tt_rp_icon_box_shortcode][\/vc_column_inner][\/vc_row_inner][vc_empty_space height=&#8221;50px&#8221;][\/vc_column][vc_column width=&#8221;1\/2&#8243;][vc_empty_space height=&#8221;50px&#8221;][vc_row_inner][vc_column_inner][tt_rp_icon_box_shortcode box_type=&#8221;type_3&#8243; titlecolor=&#8221;#ffffff&#8221; type_icon=&#8221;fa fa-credit-card-alt&#8221; title=&#8221;KEINE VERSTECKTE KOSTEN&#8221;]<span style=\"color: #898989;\"> Kostenloser Kurierdienst, keine Mehrwertsteuer, klares Angebot und Reparaturen nur nach Ihrer Einwilligung .<\/span>[\/tt_rp_icon_box_shortcode][vc_empty_space height=&#8221;20px&#8221;][tt_rp_icon_box_shortcode box_type=&#8221;type_3&#8243; titlecolor=&#8221;#ffffff&#8221; type_icon=&#8221;fa fa-money&#8221; title=&#8221;WETTBEWERBSF\u00c4HIGE PREISE&#8221;]<span style=\"color: #898989;\"> DNTL bietet Ihnen die gleiche Qualit\u00e4t wie deutsche Reparaturunternehmen &#8211; und das zu deutlich niedrigeren Kosten. Sie k\u00f6nnen (bis zu) 50% der Reparaturkosten sparen. 5 Instrumente reparieren &#8211; 1 Reparatur gratis, nur 4 zahlen.<\/span>[\/tt_rp_icon_box_shortcode][\/vc_column_inner][\/vc_row_inner][vc_empty_space height=&#8221;50px&#8221;][\/vc_column][\/vc_row][vc_row full_width=&#8221;stretch_row&#8221; disable_element=&#8221;yes&#8221; css=&#8221;.vc_custom_1548070872593{background-color: #ffffff !important;}&#8221;][vc_column][vc_empty_space height=&#8221;48px&#8221;][tt_rp_title_shortcode title=&#8221;Dedicated team&#8221; show_sp=&#8221;yes&#8221;][vc_empty_space height=&#8221;38px&#8221;][vc_row_inner][vc_column_inner width=&#8221;1\/4&#8243;][tt_rp_team_shortcode image=&#8221;68&#8243; name=&#8221;JENEFIR WHITE&#8221; position=&#8221;Supervisor&#8221; description=&#8221;Lorem ipsum dolor sit ametetd olor sit ametetd consectetur adipi consectetur adipiscing elit.&#8221;][\/vc_column_inner][vc_column_inner width=&#8221;1\/4&#8243;][tt_rp_team_shortcode image=&#8221;69&#8243; name=&#8221;JENEFIR WHITE&#8221; position=&#8221;Supervisor&#8221; description=&#8221;Lorem ipsum dolor sit ametetd olor sit ametetd consectetur adipi consectetur adipiscing elit.&#8221;][\/vc_column_inner][vc_column_inner width=&#8221;1\/4&#8243;][tt_rp_team_shortcode image=&#8221;70&#8243; name=&#8221;JENEFIR WHITE&#8221; position=&#8221;Supervisor&#8221; description=&#8221;Lorem ipsum dolor sit ametetd olor sit ametetd consectetur adipi consectetur adipiscing elit.&#8221;][\/vc_column_inner][vc_column_inner width=&#8221;1\/4&#8243;][tt_rp_team_shortcode image=&#8221;71&#8243; name=&#8221;JENEFIR WHITE&#8221; position=&#8221;Supervisor&#8221; description=&#8221;Lorem ipsum dolor sit ametetd olor sit ametetd consectetur adipi consectetur adipiscing elit.&#8221;][\/vc_column_inner][\/vc_row_inner][vc_empty_space height=&#8221;78px&#8221;][\/vc_column][\/vc_row][vc_row full_width=&#8221;stretch_row&#8221; css=&#8221;.vc_custom_1464354686074{background-color: #f2f2f2 !important;}&#8221;][vc_column][vc_empty_space height=&#8221;43px&#8221;][tt_rp_title_shortcode title=&#8221;UNSERE PARTNER&#8221; show_sp=&#8221;yes&#8221;][vc_empty_space height=&#8221;36px&#8221;][vc_row_inner][vc_column_inner width=&#8221;1\/2&#8243;][vc_single_image image=&#8221;471&#8243; img_size=&#8221;340&#215;340&#8243; alignment=&#8221;center&#8221;][\/vc_column_inner][vc_column_inner width=&#8221;1\/2&#8243;][vc_single_image image=&#8221;782&#8243; img_size=&#8221;340&#215;340&#8243; alignment=&#8221;center&#8221; el_class=&#8221;midlogo&#8221;][\/vc_column_inner][\/vc_row_inner][vc_empty_space height=&#8221;115px&#8221;][tt_rp_info_shortcode block_type=&#8221;type_2&#8243; image=&#8221;452&#8243; title=&#8221;24\/7 VERF\u00dcGBAR&#8221; phone=&#8221;+31612496307&#8243; btn_text=&#8221;KONTAKT&#8221;][\/vc_column][\/vc_row]<\/p>\n","protected":false},"excerpt":{"rendered":"<p>[vc_row full_width=&#8221;stretch_row&#8221; css=&#8221;.vc_custom_1465481961096{padding-top: 40px !important;background-color: #f5f4f4 !important;}&#8221;][vc_column width=&#8221;1\/3&#8243;][vc_single_image image=&#8221;463&#8243; img_size=&#8221;360 x 360&#8243;][\/vc_column][vc_column width=&#8221;2\/3&#8243;][tt_rp_title_shortcode title=&#8221;UNSERE MISSION UND VISION&#8221; show_sp=&#8221;yes&#8221;][vc_empty_space height=&#8221;26px&#8221;][tt_rp_service_shortcode service_type=&#8221;type_3&#8243; image=&#8221;778&#8243; text=&#8221;Unser Ziel ist es, Reparaturen an Hand- und Winkelst\u00fccken, Mikromotoren und Luftrotoren zu tats\u00e4chlichen Reparaturkosten durchzuf\u00fchren, was Kostenersparnisse f\u00fcr deutsche Zahn\u00e4rzte, Kieferorthop\u00e4den und Dentalhygieniker\/innen bedeutet.&#8221;][vc_empty_space height=&#8221;15px&#8221;][tt_rp_service_shortcode service_type=&#8221;type_3&#8243; image=&#8221;778&#8243; text=&#8221;Durch langj\u00e4hrige Erfahrung konnten wir bereits [&hellip;]<\/p>\n","protected":false},"author":1,"featured_media":0,"parent":0,"menu_order":0,"comment_status":"closed","ping_status":"closed","template":"","meta":{"footnotes":""},"_links":{"self":[{"href":"https:\/\/dntl.eu\/de\/wp-json\/wp\/v2\/pages\/57"}],"collection":[{"href":"https:\/\/dntl.eu\/de\/wp-json\/wp\/v2\/pages"}],"about":[{"href":"https:\/\/dntl.eu\/de\/wp-json\/wp\/v2\/types\/page"}],"author":[{"embeddable":true,"href":"https:\/\/dntl.eu\/de\/wp-json\/wp\/v2\/users\/1"}],"replies":[{"embeddable":true,"href":"https:\/\/dntl.eu\/de\/wp-json\/wp\/v2\/comments?post=57"}],"version-history":[{"count":12,"href":"https:\/\/dntl.eu\/de\/wp-json\/wp\/v2\/pages\/57\/revisions"}],"predecessor-version":[{"id":783,"href":"https:\/\/dntl.eu\/de\/wp-json\/wp\/v2\/pages\/57\/revisions\/783"}],"wp:attachment":[{"href":"https:\/\/dntl.eu\/de\/wp-json\/wp\/v2\/media?parent=57"}],"curies":[{"name":"wp","href":"https:\/\/api.w.org\/{rel}","templated":true}]}}