{"id":435,"date":"2016-08-11T10:13:48","date_gmt":"2016-08-11T10:13:48","guid":{"rendered":"http:\/\/templatation.wpengine.com\/repairwp\/?page_id=428"},"modified":"2023-07-03T06:34:35","modified_gmt":"2023-07-03T06:34:35","slug":"woher","status":"publish","type":"page","link":"https:\/\/dntl.eu\/de\/woher\/","title":{"rendered":"Woher"},"content":{"rendered":"<p>[vc_row full_width=&#8221;stretch_row&#8221; css=&#8221;.vc_custom_1464357498810{background-color: #f5f4f4 !important;}&#8221;][vc_column][vc_empty_space height=&#8221;45px&#8221;][tt_rp_title_shortcode title=&#8221;Woher&#8221; title_size=&#8221;28&#8243; show_sp=&#8221;yes&#8221;][vc_empty_space height=&#8221;25px&#8221;][vc_column_text]<\/p>\n<p style=\"font-size: 18px;\">DNTL repariert Ihre Hand- und Winkelst\u00fccke, Mikromotoren und Luftrotoren nicht in Deutschland, sondern in Rum\u00e4nien. <strong>Die Technologie ist die Gleiche. Das Know-how ist dasselbe.<\/strong> Nur die Lohnkosten von spezialisierten Technikern sind um ein Vielfaches niedriger als die ihrer deutschen Kollegen. Da DNTL Reparaturen im Ausland durchf\u00fchrt, sind nicht nur die Reparaturkosten erheblich g\u00fcnstiger, sondern Sie profitieren auch davon, dass die Rechnungsstellung im Ausland erfolgt und unsere Rechnungen somit keine Mehrwertsteuer enthalten. Ihre Hand- und Winkelst\u00fccke, Mikromotoren und Luftrotoren werden zu den niedrigsten Kosten in Europa repariert! DNTL befindet sich in der Region Siebenb\u00fcrgen, im Grenzgebiet zu Ungarn, in der Stadt Cluj-Napoca (Klausenburg). Die Reparaturteams bestehen aus technischen Spezialisten, die nach ihrer Ausbildung langj\u00e4hrige Erfahrung gesammelt haben. Aufgrund der weitaus geringeren Lohnkosten und dem Wegfall der Mehrwertsteuer, k\u00f6nnen wir Reparaturen mit der Qualit\u00e4t, die Sie aus Deutschland gewohnt sind, zu den niedrigsten Kosten in Europa anbieten.<\/p>\n<p>[\/vc_column_text][vc_empty_space height=&#8221;10px&#8221;][vc_row_inner][vc_column_inner][vc_video link=&#8221;https:\/\/www.youtube.com\/watch?v=Er9rAvnPG6o&#8221; align=&#8221;center&#8221;][\/vc_column_inner][\/vc_row_inner][vc_empty_space height=&#8221;44px&#8221;][vc_row_inner disable_element=&#8221;yes&#8221;][vc_column_inner width=&#8221;2\/3&#8243;][tt_rp_title_shortcode title_transform=&#8221;normal&#8221; title=&#8221;Shortcircuit Repairing Expertise&#8221; title_size=&#8221;24&#8243;][vc_empty_space height=&#8221;17px&#8221;][vc_column_text]Nemo enim ipsam voluptatem quia voluptas sit aspernatur aut odit aut fugit, sed quia consequuntur magni dolores eos qui ratione voluptatem sequi nesciunt. Neque porro quisquam est, qui dolorem ipsum quia dolor sit amet, consectetur, adipisci velit, sed quia non numquam eius modi tempora incidunt ut labore et dolore magnam aliquam quaerat voluptatem. Ut enim ad minima veniam, quis nostrum exercitationem.<\/p>\n<p>Neque porro quisquam est, qui dolorem ipsum quia dolor sit amet, consectetur, adipisci velit, sed quia non numquam eius modi tempora incidunt ut labore et dolore magnam aliquam quaerat voluptatem. Ut enim ad minima veniam, quis nostrum exercitationem.[\/vc_column_text][\/vc_column_inner][vc_column_inner width=&#8221;1\/3&#8243;][tt_rp_image_shortcode image=&#8221;98&#8243;][vc_empty_space height=&#8221;30px&#8221;][tt_rp_image_shortcode image=&#8221;99&#8243;][\/vc_column_inner][\/vc_row_inner][vc_row_inner][vc_column_inner][vc_single_image image=&#8221;863&#8243; img_size=&#8221;full&#8221; alignment=&#8221;center&#8221;][\/vc_column_inner][\/vc_row_inner][vc_row_inner][vc_column_inner][vc_empty_space height=&#8221;120px&#8221;][tt_rp_info_shortcode block_type=&#8221;type_2&#8243; image=&#8221;452&#8243; title=&#8221;24\/7 VERF\u00dcGBAR:-&#8221; phone=&#8221;+31612496307&#8243; btn_text=&#8221;KONTAKT&#8221; link=&#8221;https:\/\/dntl.eu\/de\/kontakt\/&#8221;][\/vc_column_inner][\/vc_row_inner][\/vc_column][\/vc_row]<\/p>\n","protected":false},"excerpt":{"rendered":"<p>[vc_row full_width=&#8221;stretch_row&#8221; css=&#8221;.vc_custom_1464357498810{background-color: #f5f4f4 !important;}&#8221;][vc_column][vc_empty_space height=&#8221;45px&#8221;][tt_rp_title_shortcode title=&#8221;Woher&#8221; title_size=&#8221;28&#8243; show_sp=&#8221;yes&#8221;][vc_empty_space height=&#8221;25px&#8221;][vc_column_text] DNTL repariert Ihre Hand- und Winkelst\u00fccke, Mikromotoren und Luftrotoren nicht in Deutschland, sondern in Rum\u00e4nien. Die Technologie ist die Gleiche. Das Know-how ist dasselbe. Nur die Lohnkosten von spezialisierten Technikern sind um ein Vielfaches niedriger als die ihrer deutschen Kollegen. Da DNTL Reparaturen im Ausland [&hellip;]<\/p>\n","protected":false},"author":1,"featured_media":0,"parent":0,"menu_order":0,"comment_status":"closed","ping_status":"closed","template":"","meta":{"footnotes":""},"_links":{"self":[{"href":"https:\/\/dntl.eu\/de\/wp-json\/wp\/v2\/pages\/435"}],"collection":[{"href":"https:\/\/dntl.eu\/de\/wp-json\/wp\/v2\/pages"}],"about":[{"href":"https:\/\/dntl.eu\/de\/wp-json\/wp\/v2\/types\/page"}],"author":[{"embeddable":true,"href":"https:\/\/dntl.eu\/de\/wp-json\/wp\/v2\/users\/1"}],"replies":[{"embeddable":true,"href":"https:\/\/dntl.eu\/de\/wp-json\/wp\/v2\/comments?post=435"}],"version-history":[{"count":10,"href":"https:\/\/dntl.eu\/de\/wp-json\/wp\/v2\/pages\/435\/revisions"}],"predecessor-version":[{"id":866,"href":"https:\/\/dntl.eu\/de\/wp-json\/wp\/v2\/pages\/435\/revisions\/866"}],"wp:attachment":[{"href":"https:\/\/dntl.eu\/de\/wp-json\/wp\/v2\/media?parent=435"}],"curies":[{"name":"wp","href":"https:\/\/api.w.org\/{rel}","templated":true}]}}